{"id":8,"date":"2011-11-27T10:41:36","date_gmt":"2011-11-27T10:41:36","guid":{"rendered":"http:\/\/psychomotorik-kurse.de\/?page_id=8"},"modified":"2018-08-17T19:06:07","modified_gmt":"2018-08-17T17:06:07","slug":"kursablauf","status":"publish","type":"page","link":"http:\/\/psychomotorik-kurse.de\/?page_id=8","title":{"rendered":"Kursablauf"},"content":{"rendered":"<p>Die Psychomotorikgruppen finden 1x w\u00f6chentlich statt. Sie setzen sich je nach Kursangebot aus 4 bis 10 Kindern zusammen. Ein Kursblock beinhaltet in der Regel 10 Stunden. In den Ferien finden keine Kurse statt.<br \/>\nNach einer Kennenlern- und Beobachtungsphase gliedert sich der Stundenaufbau wie folgt:<\/p>\n<ol>\n<li><strong>Begr\u00fc<\/strong><strong>\u00dfung<\/strong>: \u201eEisbrecher\u201c \u2013 Kommunikation-Kontakt-Stundenthema<\/li>\n<li><strong>Extensive Phase<\/strong>: Lauf- und Fangspiele<\/li>\n<li><strong>Intensive Phase:<\/strong> Raum und Zeit f\u00fcr die Auseinandersetzung mit dem Stundenthema und verschiedenen Materialien<\/li>\n<li><strong>Entspannungsphase: <\/strong>Kindgem\u00e4\u00dfe Entspannungsformen<\/li>\n<li><strong>Verabschiedung<\/strong>: Ausklang mit R\u00fcckmeldung und Ideen f\u00fcr die n\u00e4chste Stunde<\/li>\n<\/ol>\n","protected":false},"excerpt":{"rendered":"<p>Die Psychomotorikgruppen finden 1x w\u00f6chentlich statt. Sie setzen sich je nach Kursangebot aus 4 bis 10 Kindern zusammen. Ein Kursblock beinhaltet in der Regel 10 Stunden. In den Ferien finden keine Kurse statt. Nach einer Kennenlern- und Beobachtungsphase gliedert sich &hellip; <a href=\"http:\/\/psychomotorik-kurse.de\/?page_id=8\">Weiterlesen <span class=\"meta-nav\">&rarr;<\/span><\/a><\/p>\n","protected":false},"author":1,"featured_media":67,"parent":0,"menu_order":4,"comment_status":"closed","ping_status":"open","template":"","meta":[],"_links":{"self":[{"href":"http:\/\/psychomotorik-kurse.de\/index.php?rest_route=\/wp\/v2\/pages\/8"}],"collection":[{"href":"http:\/\/psychomotorik-kurse.de\/index.php?rest_route=\/wp\/v2\/pages"}],"about":[{"href":"http:\/\/psychomotorik-kurse.de\/index.php?rest_route=\/wp\/v2\/types\/page"}],"author":[{"embeddable":true,"href":"http:\/\/psychomotorik-kurse.de\/index.php?rest_route=\/wp\/v2\/users\/1"}],"replies":[{"embeddable":true,"href":"http:\/\/psychomotorik-kurse.de\/index.php?rest_route=%2Fwp%2Fv2%2Fcomments&post=8"}],"version-history":[{"count":8,"href":"http:\/\/psychomotorik-kurse.de\/index.php?rest_route=\/wp\/v2\/pages\/8\/revisions"}],"predecessor-version":[{"id":304,"href":"http:\/\/psychomotorik-kurse.de\/index.php?rest_route=\/wp\/v2\/pages\/8\/revisions\/304"}],"wp:featuredmedia":[{"embeddable":true,"href":"http:\/\/psychomotorik-kurse.de\/index.php?rest_route=\/wp\/v2\/media\/67"}],"wp:attachment":[{"href":"http:\/\/psychomotorik-kurse.de\/index.php?rest_route=%2Fwp%2Fv2%2Fmedia&parent=8"}],"curies":[{"name":"wp","href":"https:\/\/api.w.org\/{rel}","templated":true}]}}