{"id":20,"date":"2011-11-27T10:47:00","date_gmt":"2011-11-27T10:47:00","guid":{"rendered":"http:\/\/psychomotorik-kurse.de\/?page_id=20"},"modified":"2023-11-07T23:47:55","modified_gmt":"2023-11-07T21:47:55","slug":"kontakt","status":"publish","type":"page","link":"http:\/\/psychomotorik-kurse.de\/?page_id=20","title":{"rendered":"Kontakt"},"content":{"rendered":"<h3 style=\"text-align: left;\" align=\"center\">Anmeldung<\/h3>\n<p>Dorothee Kriner-Skokanitsch<br \/>\nTel.: 089 \/ 56 82 08 60<br \/>\nEmail: info@dks-heilpaedagogik.de<\/p>\n<h3 style=\"text-align: left;\">Kursleiterinnen<\/h3>\n<p style=\"text-align: left;\" align=\"center\"><a href=\"mailto:ulrike.hoegn@psychomotorik-kurse.de\"><img decoding=\"async\" loading=\"lazy\" class=\" wp-image-177 alignleft\" src=\"http:\/\/psychomotorik-kurse.de\/wp-content\/uploads\/2013\/01\/Ulrike-Sucak-Foto-300x292.jpg\" alt=\"Ulrike Sucak\" width=\"110\" height=\"107\" srcset=\"http:\/\/psychomotorik-kurse.de\/wp-content\/uploads\/2013\/01\/Ulrike-Sucak-Foto-300x292.jpg 300w, http:\/\/psychomotorik-kurse.de\/wp-content\/uploads\/2013\/01\/Ulrike-Sucak-Foto.jpg 976w\" sizes=\"(max-width: 110px) 100vw, 110px\" \/><\/a><strong><a title=\"E-Mail an Ulrike Sucak\" href=\"mailto:ulrike.sucak@psychomotorik-kurse.de\"> Ulrike Sucak<\/a><\/strong><br \/>\nStaatlich anerkannte Heilp\u00e4dagogin\/Erzieherin<br \/>\nPsychomotorikerin (IBP)\u00ae<br \/>\nFortbildungen u.a. in kindgem\u00e4\u00dfe Entspannung<br \/>\nMutter von drei Kindern<\/p>\n<p style=\"text-align: left;\"><strong><img decoding=\"async\" loading=\"lazy\" class=\"wp-image-285 alignleft\" src=\"http:\/\/psychomotorik-kurse.de\/wp-content\/uploads\/2017\/10\/IMG-20170930-WA0000-225x300.jpg\" alt=\"\" width=\"114\" height=\"152\" srcset=\"http:\/\/psychomotorik-kurse.de\/wp-content\/uploads\/2017\/10\/IMG-20170930-WA0000-225x300.jpg 225w, http:\/\/psychomotorik-kurse.de\/wp-content\/uploads\/2017\/10\/IMG-20170930-WA0000-768x1024.jpg 768w, http:\/\/psychomotorik-kurse.de\/wp-content\/uploads\/2017\/10\/IMG-20170930-WA0000.jpg 960w\" sizes=\"(max-width: 114px) 100vw, 114px\" \/>Dorothee Kriner-Skokanitsch<\/strong><strong><br \/>\n<\/strong>Staatlich anerkannte Heilp\u00e4dagogin\/Erzieherin<br \/>\nPsychomotorikerin (IBP)\u00ae<br \/>\nSystemische Beratung\/Therapie\/Supervision<br \/>\nMutter von einem Kind<\/p>\n<p style=\"text-align: left;\">\n<h6><\/h6>\n<h6><\/h6>\n<h6><\/h6>\n<h6><\/h6>\n<h6>F\u00fcr alle Bilder liegen die Einverst\u00e4ndniserkl\u00e4rungen der gesetzlichen Vertreter vor. Das Copyright der verwendeten Bilder und Inhalte obliegt den Verantwortlichen des Webauftritts.<\/h6>\n<h6>Verantwortlich f\u00fcr diesen Webauftritt:<br \/>\n<strong>Ulrike Sucak<\/strong><br \/>\nAindorferstr. 84<br \/>\n80689 Muenchen<\/h6>\n","protected":false},"excerpt":{"rendered":"<p>Anmeldung Dorothee Kriner-Skokanitsch Tel.: 089 \/ 56 82 08 60 Email: info@dks-heilpaedagogik.de Kursleiterinnen Ulrike Sucak Staatlich anerkannte Heilp\u00e4dagogin\/Erzieherin Psychomotorikerin (IBP)\u00ae Fortbildungen u.a. in kindgem\u00e4\u00dfe Entspannung Mutter von drei Kindern Dorothee Kriner-Skokanitsch Staatlich anerkannte Heilp\u00e4dagogin\/Erzieherin Psychomotorikerin (IBP)\u00ae Systemische Beratung\/Therapie\/Supervision Mutter von &hellip; <a href=\"http:\/\/psychomotorik-kurse.de\/?page_id=20\">Weiterlesen <span class=\"meta-nav\">&rarr;<\/span><\/a><\/p>\n","protected":false},"author":1,"featured_media":144,"parent":0,"menu_order":6,"comment_status":"closed","ping_status":"closed","template":"","meta":[],"_links":{"self":[{"href":"http:\/\/psychomotorik-kurse.de\/index.php?rest_route=\/wp\/v2\/pages\/20"}],"collection":[{"href":"http:\/\/psychomotorik-kurse.de\/index.php?rest_route=\/wp\/v2\/pages"}],"about":[{"href":"http:\/\/psychomotorik-kurse.de\/index.php?rest_route=\/wp\/v2\/types\/page"}],"author":[{"embeddable":true,"href":"http:\/\/psychomotorik-kurse.de\/index.php?rest_route=\/wp\/v2\/users\/1"}],"replies":[{"embeddable":true,"href":"http:\/\/psychomotorik-kurse.de\/index.php?rest_route=%2Fwp%2Fv2%2Fcomments&post=20"}],"version-history":[{"count":37,"href":"http:\/\/psychomotorik-kurse.de\/index.php?rest_route=\/wp\/v2\/pages\/20\/revisions"}],"predecessor-version":[{"id":349,"href":"http:\/\/psychomotorik-kurse.de\/index.php?rest_route=\/wp\/v2\/pages\/20\/revisions\/349"}],"wp:featuredmedia":[{"embeddable":true,"href":"http:\/\/psychomotorik-kurse.de\/index.php?rest_route=\/wp\/v2\/media\/144"}],"wp:attachment":[{"href":"http:\/\/psychomotorik-kurse.de\/index.php?rest_route=%2Fwp%2Fv2%2Fmedia&parent=20"}],"curies":[{"name":"wp","href":"https:\/\/api.w.org\/{rel}","templated":true}]}}